{"id":424,"date":"2025-02-19T16:32:54","date_gmt":"2025-02-19T15:32:54","guid":{"rendered":"https:\/\/ernestus.testing-reizwerk.com\/?page_id=424"},"modified":"2026-03-11T15:36:02","modified_gmt":"2026-03-11T14:36:02","slug":"erstellung-von-insolvenz-und-restrukturierungsplaenen","status":"publish","type":"page","link":"https:\/\/ernestus.eu\/vorgaenge\/erstellung-von-insolvenz-und-restrukturierungsplaenen\/","title":{"rendered":"Erstellung von Insolvenz- und Restrukturierungspl\u00e4nen"},"content":{"rendered":"","protected":false},"excerpt":{"rendered":"","protected":false},"author":1,"featured_media":0,"parent":403,"menu_order":0,"comment_status":"closed","ping_status":"closed","template":"page-tmpl-construction-kit.php","meta":{"_acf_changed":false,"footnotes":""},"class_list":["post-424","page","type-page","status-publish","hentry"],"acf":[],"yoast_head":"<!-- This site is optimized with the Yoast SEO plugin v27.1.1 - https:\/\/yoast.com\/product\/yoast-seo-wordpress\/ -->\n<title>Erstellung von Insolvenz- &amp; Restrukturierungspl\u00e4nen | Ernestus<\/title>\n<meta name=\"description\" content=\"Ernestus erstellt fundierte Insolvenz- und Restrukturierungspl\u00e4ne nach InsO &amp; StaRUG. Profitieren Sie von unserer langj\u00e4hrigen Erfahrung und rechtssicheren Umsetzung.\" \/>\n<meta name=\"robots\" content=\"index, follow, max-snippet:-1, max-image-preview:large, max-video-preview:-1\" \/>\n<link rel=\"canonical\" href=\"https:\/\/ernestus.eu\/vorgaenge\/erstellung-von-insolvenz-und-restrukturierungsplaenen\/\" \/>\n<meta property=\"og:locale\" content=\"en_US\" \/>\n<meta property=\"og:type\" content=\"article\" \/>\n<meta property=\"og:title\" content=\"Erstellung von Insolvenz- &amp; Restrukturierungspl\u00e4nen | Ernestus\" \/>\n<meta property=\"og:description\" content=\"Ernestus erstellt fundierte Insolvenz- und Restrukturierungspl\u00e4ne nach InsO &amp; StaRUG. Profitieren Sie von unserer langj\u00e4hrigen Erfahrung und rechtssicheren Umsetzung.\" \/>\n<meta property=\"og:url\" content=\"https:\/\/ernestus.eu\/vorgaenge\/erstellung-von-insolvenz-und-restrukturierungsplaenen\/\" \/>\n<meta property=\"og:site_name\" content=\"ERNESTUS \u2022 Rechtsanw\u00e4lte \u2022 Insolvenzverwalter\" \/>\n<meta property=\"article:publisher\" content=\"https:\/\/www.facebook.com\/ernestus.rechtsanwaelte\/?locale=de_DE\" \/>\n<meta property=\"article:modified_time\" content=\"2026-03-11T14:36:02+00:00\" \/>\n<meta name=\"twitter:card\" content=\"summary_large_image\" \/>\n<script type=\"application\/ld+json\" class=\"yoast-schema-graph\">{\"@context\":\"https:\/\/schema.org\",\"@graph\":[{\"@type\":\"WebPage\",\"@id\":\"https:\/\/ernestus.eu\/vorgaenge\/erstellung-von-insolvenz-und-restrukturierungsplaenen\/\",\"url\":\"https:\/\/ernestus.eu\/vorgaenge\/erstellung-von-insolvenz-und-restrukturierungsplaenen\/\",\"name\":\"Erstellung von Insolvenz- & Restrukturierungspl\u00e4nen | Ernestus\",\"isPartOf\":{\"@id\":\"https:\/\/ernestus.eu\/#website\"},\"datePublished\":\"2025-02-19T15:32:54+00:00\",\"dateModified\":\"2026-03-11T14:36:02+00:00\",\"description\":\"Ernestus erstellt fundierte Insolvenz- und Restrukturierungspl\u00e4ne nach InsO & StaRUG. Profitieren Sie von unserer langj\u00e4hrigen Erfahrung und rechtssicheren Umsetzung.\",\"breadcrumb\":{\"@id\":\"https:\/\/ernestus.eu\/vorgaenge\/erstellung-von-insolvenz-und-restrukturierungsplaenen\/#breadcrumb\"},\"inLanguage\":\"en-US\",\"potentialAction\":[{\"@type\":\"ReadAction\",\"target\":[\"https:\/\/ernestus.eu\/vorgaenge\/erstellung-von-insolvenz-und-restrukturierungsplaenen\/\"]}]},{\"@type\":\"BreadcrumbList\",\"@id\":\"https:\/\/ernestus.eu\/vorgaenge\/erstellung-von-insolvenz-und-restrukturierungsplaenen\/#breadcrumb\",\"itemListElement\":[{\"@type\":\"ListItem\",\"position\":1,\"name\":\"Home\",\"item\":\"https:\/\/ernestus.eu\/en\/\"},{\"@type\":\"ListItem\",\"position\":2,\"name\":\"Beratung bei Vorg\u00e4ngen\",\"item\":\"https:\/\/ernestus.eu\/vorgaenge\/\"},{\"@type\":\"ListItem\",\"position\":3,\"name\":\"Erstellung von Insolvenz- und Restrukturierungspl\u00e4nen\"}]},{\"@type\":\"WebSite\",\"@id\":\"https:\/\/ernestus.eu\/#website\",\"url\":\"https:\/\/ernestus.eu\/\",\"name\":\"ERNESTUS \u2022 Rechtsanw\u00e4lte \u2022 Insolvenzverwalter\",\"description\":\"\",\"publisher\":{\"@id\":\"https:\/\/ernestus.eu\/#organization\"},\"potentialAction\":[{\"@type\":\"SearchAction\",\"target\":{\"@type\":\"EntryPoint\",\"urlTemplate\":\"https:\/\/ernestus.eu\/?s={search_term_string}\"},\"query-input\":{\"@type\":\"PropertyValueSpecification\",\"valueRequired\":true,\"valueName\":\"search_term_string\"}}],\"inLanguage\":\"en-US\"},{\"@type\":\"Organization\",\"@id\":\"https:\/\/ernestus.eu\/#organization\",\"name\":\"ERNESTUS \u2022 Rechtsanw\u00e4lte \u2022 Insolvenzverwalter\",\"url\":\"https:\/\/ernestus.eu\/\",\"logo\":{\"@type\":\"ImageObject\",\"inLanguage\":\"en-US\",\"@id\":\"https:\/\/ernestus.eu\/#\/schema\/logo\/image\/\",\"url\":\"https:\/\/ernestus.eu\/wp-content\/uploads\/2025\/03\/logo.svg\",\"contentUrl\":\"https:\/\/ernestus.eu\/wp-content\/uploads\/2025\/03\/logo.svg\",\"width\":1,\"height\":1,\"caption\":\"ERNESTUS \u2022 Rechtsanw\u00e4lte \u2022 Insolvenzverwalter\"},\"image\":{\"@id\":\"https:\/\/ernestus.eu\/#\/schema\/logo\/image\/\"},\"sameAs\":[\"https:\/\/www.facebook.com\/ernestus.rechtsanwaelte\/?locale=de_DE\"]}]}<\/script>\n<!-- \/ Yoast SEO plugin. -->","yoast_head_json":{"title":"Erstellung von Insolvenz- & Restrukturierungspl\u00e4nen | Ernestus","description":"Ernestus erstellt fundierte Insolvenz- und Restrukturierungspl\u00e4ne nach InsO & StaRUG. Profitieren Sie von unserer langj\u00e4hrigen Erfahrung und rechtssicheren Umsetzung.","robots":{"index":"index","follow":"follow","max-snippet":"max-snippet:-1","max-image-preview":"max-image-preview:large","max-video-preview":"max-video-preview:-1"},"canonical":"https:\/\/ernestus.eu\/vorgaenge\/erstellung-von-insolvenz-und-restrukturierungsplaenen\/","og_locale":"en_US","og_type":"article","og_title":"Erstellung von Insolvenz- & Restrukturierungspl\u00e4nen | Ernestus","og_description":"Ernestus erstellt fundierte Insolvenz- und Restrukturierungspl\u00e4ne nach InsO & StaRUG. Profitieren Sie von unserer langj\u00e4hrigen Erfahrung und rechtssicheren Umsetzung.","og_url":"https:\/\/ernestus.eu\/vorgaenge\/erstellung-von-insolvenz-und-restrukturierungsplaenen\/","og_site_name":"ERNESTUS \u2022 Rechtsanw\u00e4lte \u2022 Insolvenzverwalter","article_publisher":"https:\/\/www.facebook.com\/ernestus.rechtsanwaelte\/?locale=de_DE","article_modified_time":"2026-03-11T14:36:02+00:00","twitter_card":"summary_large_image","schema":{"@context":"https:\/\/schema.org","@graph":[{"@type":"WebPage","@id":"https:\/\/ernestus.eu\/vorgaenge\/erstellung-von-insolvenz-und-restrukturierungsplaenen\/","url":"https:\/\/ernestus.eu\/vorgaenge\/erstellung-von-insolvenz-und-restrukturierungsplaenen\/","name":"Erstellung von Insolvenz- & Restrukturierungspl\u00e4nen | Ernestus","isPartOf":{"@id":"https:\/\/ernestus.eu\/#website"},"datePublished":"2025-02-19T15:32:54+00:00","dateModified":"2026-03-11T14:36:02+00:00","description":"Ernestus erstellt fundierte Insolvenz- und Restrukturierungspl\u00e4ne nach InsO & StaRUG. Profitieren Sie von unserer langj\u00e4hrigen Erfahrung und rechtssicheren Umsetzung.","breadcrumb":{"@id":"https:\/\/ernestus.eu\/vorgaenge\/erstellung-von-insolvenz-und-restrukturierungsplaenen\/#breadcrumb"},"inLanguage":"en-US","potentialAction":[{"@type":"ReadAction","target":["https:\/\/ernestus.eu\/vorgaenge\/erstellung-von-insolvenz-und-restrukturierungsplaenen\/"]}]},{"@type":"BreadcrumbList","@id":"https:\/\/ernestus.eu\/vorgaenge\/erstellung-von-insolvenz-und-restrukturierungsplaenen\/#breadcrumb","itemListElement":[{"@type":"ListItem","position":1,"name":"Home","item":"https:\/\/ernestus.eu\/en\/"},{"@type":"ListItem","position":2,"name":"Beratung bei Vorg\u00e4ngen","item":"https:\/\/ernestus.eu\/vorgaenge\/"},{"@type":"ListItem","position":3,"name":"Erstellung von Insolvenz- und Restrukturierungspl\u00e4nen"}]},{"@type":"WebSite","@id":"https:\/\/ernestus.eu\/#website","url":"https:\/\/ernestus.eu\/","name":"ERNESTUS \u2022 Rechtsanw\u00e4lte \u2022 Insolvenzverwalter","description":"","publisher":{"@id":"https:\/\/ernestus.eu\/#organization"},"potentialAction":[{"@type":"SearchAction","target":{"@type":"EntryPoint","urlTemplate":"https:\/\/ernestus.eu\/?s={search_term_string}"},"query-input":{"@type":"PropertyValueSpecification","valueRequired":true,"valueName":"search_term_string"}}],"inLanguage":"en-US"},{"@type":"Organization","@id":"https:\/\/ernestus.eu\/#organization","name":"ERNESTUS \u2022 Rechtsanw\u00e4lte \u2022 Insolvenzverwalter","url":"https:\/\/ernestus.eu\/","logo":{"@type":"ImageObject","inLanguage":"en-US","@id":"https:\/\/ernestus.eu\/#\/schema\/logo\/image\/","url":"https:\/\/ernestus.eu\/wp-content\/uploads\/2025\/03\/logo.svg","contentUrl":"https:\/\/ernestus.eu\/wp-content\/uploads\/2025\/03\/logo.svg","width":1,"height":1,"caption":"ERNESTUS \u2022 Rechtsanw\u00e4lte \u2022 Insolvenzverwalter"},"image":{"@id":"https:\/\/ernestus.eu\/#\/schema\/logo\/image\/"},"sameAs":["https:\/\/www.facebook.com\/ernestus.rechtsanwaelte\/?locale=de_DE"]}]}},"_links":{"self":[{"href":"https:\/\/ernestus.eu\/en\/wp-json\/wp\/v2\/pages\/424","targetHints":{"allow":["GET"]}}],"collection":[{"href":"https:\/\/ernestus.eu\/en\/wp-json\/wp\/v2\/pages"}],"about":[{"href":"https:\/\/ernestus.eu\/en\/wp-json\/wp\/v2\/types\/page"}],"author":[{"embeddable":true,"href":"https:\/\/ernestus.eu\/en\/wp-json\/wp\/v2\/users\/1"}],"replies":[{"embeddable":true,"href":"https:\/\/ernestus.eu\/en\/wp-json\/wp\/v2\/comments?post=424"}],"version-history":[{"count":9,"href":"https:\/\/ernestus.eu\/en\/wp-json\/wp\/v2\/pages\/424\/revisions"}],"predecessor-version":[{"id":1456,"href":"https:\/\/ernestus.eu\/en\/wp-json\/wp\/v2\/pages\/424\/revisions\/1456"}],"up":[{"embeddable":true,"href":"https:\/\/ernestus.eu\/en\/wp-json\/wp\/v2\/pages\/403"}],"wp:attachment":[{"href":"https:\/\/ernestus.eu\/en\/wp-json\/wp\/v2\/media?parent=424"}],"curies":[{"name":"wp","href":"https:\/\/api.w.org\/{rel}","templated":true}]}}